{"id":1851,"date":"2021-11-10T18:21:01","date_gmt":"2021-11-10T17:21:01","guid":{"rendered":"https:\/\/studiofelix.fr\/politique-de-confidentialite\/"},"modified":"2021-11-25T12:05:37","modified_gmt":"2021-11-25T11:05:37","slug":"politique-de-confidentialite","status":"publish","type":"page","link":"https:\/\/studiofelix.fr\/en\/politique-de-confidentialite\/","title":{"rendered":"Privacy Policy"},"content":{"rendered":"<p>[et_pb_section fb_built=&#8221;1&#8243; _builder_version=&#8221;4.10.6&#8243; _module_preset=&#8221;default&#8221; background_color=&#8221;#04214F&#8221; custom_padding=&#8221;||0px||false|false&#8221; global_colors_info=&#8221;{}&#8221;][et_pb_row _builder_version=&#8221;4.10.5&#8243; _module_preset=&#8221;default&#8221; custom_padding=&#8221;||0px||false|false&#8221; global_colors_info=&#8221;{}&#8221;][et_pb_column type=&#8221;4_4&#8243; _builder_version=&#8221;4.10.5&#8243; _module_preset=&#8221;default&#8221; global_colors_info=&#8221;{}&#8221;][et_pb_post_title meta=&#8221;off&#8221; featured_image=&#8221;off&#8221; text_color=&#8221;light&#8221; _builder_version=&#8221;4.10.6&#8243; _module_preset=&#8221;default&#8221; title_text_align=&#8221;center&#8221; text_orientation=&#8221;center&#8221; global_colors_info=&#8221;{}&#8221;][\/et_pb_post_title][et_pb_text _builder_version=&#8221;4.13.0&#8243; _module_preset=&#8221;default&#8221; global_colors_info=&#8221;{}&#8221;]November 2021 release[\/et_pb_text][\/et_pb_column][\/et_pb_row][\/et_pb_section][et_pb_section fb_built=&#8221;1&#8243; _builder_version=&#8221;4.13.0&#8243; _module_preset=&#8221;default&#8221; custom_padding=&#8221;||0px||false|false&#8221; global_colors_info=&#8221;{}&#8221;][et_pb_row _builder_version=&#8221;4.14.1&#8243; _module_preset=&#8221;default&#8221; custom_padding=&#8221;||0px||false|false&#8221; global_colors_info=&#8221;{}&#8221;][et_pb_column type=&#8221;4_4&#8243; _builder_version=&#8221;4.13.0&#8243; _module_preset=&#8221;default&#8221; global_colors_info=&#8221;{}&#8221;][et_pb_text _builder_version=&#8221;4.14.1&#8243; _module_preset=&#8221;default&#8221; global_colors_info=&#8221;{}&#8221;]STUDIO FELIX undertakes to collect and process your data, using the website www.studiofelix.fr in compliance with the General Data Protection Regulation (GDPR) and the data protection and freedom of information act.<\/p>\n<p><strong>Under no circumstances whatsoever may STUDIO FELIX share, exchange or sell your personal data or contact information with third parties.<\/strong><\/p>\n<p>La pr\u00e9sente politique de confidentialit\u00e9 vous informe de la mani\u00e8re dont le Site utilise et prot\u00e8ge les informations que vous nous transmettez lorsque vous naviguez sur le Site.<\/p>\n<p>Veuillez noter que la pr\u00e9sente Politique de Confidentialit\u00e9 est susceptible d\u2019\u00eatre modifi\u00e9e et compl\u00e9t\u00e9e \u00e0 tout moment par l\u2019Editeur du Site, notamment en vue de se conformer \u00e0 toute \u00e9volution l\u00e9gislative, r\u00e9glementaire, jurisprudentielle ou technologique. Dans un tel cas, la date de sa mise \u00e0 jour sera clairement identifi\u00e9e en t\u00eate de la pr\u00e9sente Politique. Ces modifications engage l\u2019Utilisateur d\u00e9s leur mise en ligne. Il convient par cons\u00e9quent que l\u2019Utilisateur consulte r\u00e9guli\u00e8rement la pr\u00e9sente Politique de Confidentialit\u00e9 et d\u2019utilisation des cookies afin de prendre connaissance de ses \u00e9ventuelles modifications.[\/et_pb_text][\/et_pb_column][\/et_pb_row][\/et_pb_section][et_pb_section fb_built=&#8221;1&#8243; _builder_version=&#8221;4.14.1&#8243; _module_preset=&#8221;default&#8221; custom_padding=&#8221;||0px||false|false&#8221; global_colors_info=&#8221;{}&#8221;][et_pb_row _builder_version=&#8221;4.13.0&#8243; _module_preset=&#8221;default&#8221; custom_padding=&#8221;||0px||false|false&#8221; global_colors_info=&#8221;{}&#8221;][et_pb_column type=&#8221;4_4&#8243; _builder_version=&#8221;4.13.0&#8243; _module_preset=&#8221;default&#8221; global_colors_info=&#8221;{}&#8221;][et_pb_text _builder_version=&#8221;4.14.1&#8243; _module_preset=&#8221;default&#8221; header_2_font=&#8221;Montserrat||||||||&#8221; header_2_font_size=&#8221;24px&#8221; global_colors_info=&#8221;{}&#8221;]<\/p>\n<h2>Donn\u00e9es personnelles collect\u00e9es<\/h2>\n<p>Nous sommes susceptibles de recueillir et de traiter les donn\u00e9es suivantes :<\/p>\n<h3>Les informations que vous transmettez directement :\u200b<\/h3>\n<p>En naviguant sur le Site, vous pouvez \u00eatre amen\u00e9s \u00e0 nous transmettre des informations dont certaines sont de nature \u00e0 vous identifier (vos \u201cDonn\u00e9es personnelles\u201d). C\u2019est le cas notamment lorsque vous utilisez un formulaire de contact, publiez un commentaire, participez \u00e0 un sondage, \u00e0 une \u00e9tude, ou vous inscrivez \u00e0 une newsletter\u2026<\/p>\n<p>Ces informations peuvent notamment contenir les Donn\u00e9es personnelles suivantes :<\/p>\n<ul>\n<li>nom et pr\u00e9nom,<\/li>\n<li>adresse e-mail,<\/li>\n<li>t\u00e9l\u00e9phone,<\/li>\n<li>adresse postale,<\/li>\n<li>et les autres informations que vous nous transmettez le cas \u00e9ch\u00e9ant dans le cadre d\u2019un \u00e9change ou d\u2019un contact.<\/li>\n<\/ul>\n<p>[\/et_pb_text][\/et_pb_column][\/et_pb_row][et_pb_row column_structure=&#8221;1_3,1_3,1_3&#8243; _builder_version=&#8221;4.13.0&#8243; _module_preset=&#8221;default&#8221; custom_padding=&#8221;||0px||false|false&#8221; global_colors_info=&#8221;{}&#8221;][et_pb_column type=&#8221;1_3&#8243; _builder_version=&#8221;4.13.0&#8243; _module_preset=&#8221;default&#8221; global_colors_info=&#8221;{}&#8221;][et_pb_text _builder_version=&#8221;4.14.1&#8243; _module_preset=&#8221;default&#8221; header_2_font=&#8221;Montserrat||||||||&#8221; header_2_font_size=&#8221;24px&#8221; global_colors_info=&#8221;{}&#8221;]<\/p>\n<h3>Forms<\/h3>\n<p>By completing a form with personal data, users authorise the use of this information by the application so as to respond to information requests, citations or any other request as indicated at the top of the form.<\/p>\n<p>Personal data collected: email address, forename, surname, company name, telephone number.[\/et_pb_text][\/et_pb_column][et_pb_column type=&#8221;1_3&#8243; _builder_version=&#8221;4.13.0&#8243; _module_preset=&#8221;default&#8221; global_colors_info=&#8221;{}&#8221;][et_pb_text _builder_version=&#8221;4.14.1&#8243; _module_preset=&#8221;default&#8221; header_2_font=&#8221;Montserrat||||||||&#8221; header_2_font_size=&#8221;24px&#8221; global_colors_info=&#8221;{}&#8221;]<\/p>\n<h3>Newsletter<\/h3>\n<p>By completing a form, you may receive a newsletter.\u00a0Your email address is only used to send you our newsletter as well as information concerning your STUDIO FELIX activities. At any time you can click the usubscribe link integrated in the newsletter.[\/et_pb_text][\/et_pb_column][et_pb_column type=&#8221;1_3&#8243; _builder_version=&#8221;4.13.0&#8243; _module_preset=&#8221;default&#8221; global_colors_info=&#8221;{}&#8221;][et_pb_text _builder_version=&#8221;4.14.1&#8243; _module_preset=&#8221;default&#8221; header_2_font=&#8221;Montserrat||||||||&#8221; header_2_font_size=&#8221;24px&#8221; global_colors_info=&#8221;{}&#8221;]<\/p>\n<h3>Why does STUDIO FELIX collect my personal data?<\/h3>\n<p>STUDIO FELIX only uses your personal data for customer relations and information requests.[\/et_pb_text][\/et_pb_column][\/et_pb_row][\/et_pb_section][et_pb_section fb_built=&#8221;1&#8243; _builder_version=&#8221;4.14.1&#8243; _module_preset=&#8221;default&#8221; custom_padding=&#8221;||0px||false|false&#8221; global_colors_info=&#8221;{}&#8221;][et_pb_row _builder_version=&#8221;4.14.1&#8243; _module_preset=&#8221;default&#8221; custom_padding=&#8221;||0px||false|false&#8221; global_colors_info=&#8221;{}&#8221;][et_pb_column type=&#8221;4_4&#8243; _builder_version=&#8221;4.14.1&#8243; _module_preset=&#8221;default&#8221; global_colors_info=&#8221;{}&#8221;][et_pb_text _builder_version=&#8221;4.14.1&#8243; _module_preset=&#8221;default&#8221; header_2_font=&#8221;Montserrat||||||||&#8221; header_2_font_size=&#8221;24px&#8221; global_colors_info=&#8221;{}&#8221;]<\/p>\n<h2>Cookies<\/h2>\n<p>Three types of cookies are installed when using our website. Cookies required for proper operation of the website, audience measurement cookies and<span class=\"ctn-gen-ascenseur-titre\">third-party cookies intended to improve website interactivity<\/span>\u00a0as well as display of content from external platforms.<\/p>\n<p><strong>No advertising solution is used on this website.<\/strong>[\/et_pb_text][et_pb_text _builder_version=&#8221;4.14.1&#8243; _dynamic_attributes=&#8221;link_option_url&#8221; _module_preset=&#8221;default&#8221; text_text_color=&#8221;#F75309&#8243; link_option_url=&#8221;@ET-DC@eyJkeW5hbWljIjp0cnVlLCJjb250ZW50IjoicG9zdF9saW5rX3VybF9wYWdlIiwic2V0dGluZ3MiOnsicG9zdF9pZCI6IjE3MzYifX0=@&#8221; global_colors_info=&#8221;{}&#8221;]Consult our cookies policy[\/et_pb_text][\/et_pb_column][\/et_pb_row][\/et_pb_section][et_pb_section fb_built=&#8221;1&#8243; _builder_version=&#8221;4.14.1&#8243; _module_preset=&#8221;default&#8221; custom_padding=&#8221;||0px||false|false&#8221; global_colors_info=&#8221;{}&#8221;][et_pb_row column_structure=&#8221;1_3,1_3,1_3&#8243; _builder_version=&#8221;4.14.1&#8243; _module_preset=&#8221;default&#8221; custom_padding=&#8221;||0px||false|false&#8221; global_colors_info=&#8221;{}&#8221;][et_pb_column type=&#8221;1_3&#8243; _builder_version=&#8221;4.14.1&#8243; _module_preset=&#8221;default&#8221; global_colors_info=&#8221;{}&#8221;][et_pb_text _builder_version=&#8221;4.14.1&#8243; _module_preset=&#8221;default&#8221; header_2_font=&#8221;Montserrat||||||||&#8221; header_2_font_size=&#8221;24px&#8221; global_colors_info=&#8221;{}&#8221;]<\/p>\n<h2>Finalit\u00e9 des recueils et traitements de vos Donn\u00e9es personnelles<\/h2>\n<p>STUDIO FELIX utilise vos donn\u00e9es personnelles uniquement pour la relation client et vos demandes d\u2019information.[\/et_pb_text][\/et_pb_column][et_pb_column type=&#8221;1_3&#8243; _builder_version=&#8221;4.14.1&#8243; _module_preset=&#8221;default&#8221; global_colors_info=&#8221;{}&#8221;][et_pb_text _builder_version=&#8221;4.14.1&#8243; _module_preset=&#8221;default&#8221; header_2_font=&#8221;Montserrat||||||||&#8221; header_2_font_size=&#8221;24px&#8221; global_colors_info=&#8221;{}&#8221;]<\/p>\n<h2>Destinataires des informations recueillies<\/h2>\n<p>L\u2019activit\u00e9 de l\u2019Editeur n\u2019est pas de faire le commerce de vos Donn\u00e9es personnelles.<\/p>\n<p>En cons\u00e9quence, vos Donn\u00e9es personnelles ne sont partag\u00e9es que dans les cas suivants :<\/p>\n<ul>\n<li>avec nos prestataires de courriers \u00e9lectroniques (Infomaniak)<\/li>\n<li>avec nos prestataires de gestion de fichier d\u2019abonn\u00e9s et\/ou de clients (comme Zoho CRM le cas \u00e9ch\u00e9ant),<\/li>\n<li>dans le cadre d\u2019obligations l\u00e9gales ou pour faire respecter nos conditions d\u2019utilisation du Site et, d\u2019une mani\u00e8re g\u00e9n\u00e9rale, pour prot\u00e9ger nos droits<\/li>\n<\/ul>\n<p>[\/et_pb_text][\/et_pb_column][et_pb_column type=&#8221;1_3&#8243; _builder_version=&#8221;4.14.1&#8243; _module_preset=&#8221;default&#8221; global_colors_info=&#8221;{}&#8221;][et_pb_text _builder_version=&#8221;4.14.1&#8243; _module_preset=&#8221;default&#8221; header_2_font=&#8221;Montserrat||||||||&#8221; header_2_font_size=&#8221;24px&#8221; global_colors_info=&#8221;{}&#8221;]<\/p>\n<h2>Term of data storage<\/h2>\n<p>Vos Donn\u00e9es personnelles sont conserv\u00e9es par l\u2019Editeur et\/ou ses prestataires durant le temps n\u00e9cessaire pour fournir les services correspondant au recueil de ces donn\u00e9es ou pour r\u00e9pondre \u00e0 votre demande.[\/et_pb_text][\/et_pb_column][\/et_pb_row][\/et_pb_section][et_pb_section fb_built=&#8221;1&#8243; _builder_version=&#8221;4.14.1&#8243; _module_preset=&#8221;default&#8221; custom_padding=&#8221;||0px||false|false&#8221; global_colors_info=&#8221;{}&#8221;][et_pb_row column_structure=&#8221;1_3,1_3,1_3&#8243; _builder_version=&#8221;4.14.1&#8243; _module_preset=&#8221;default&#8221; custom_padding=&#8221;||0px||false|false&#8221; global_colors_info=&#8221;{}&#8221;][et_pb_column type=&#8221;1_3&#8243; _builder_version=&#8221;4.14.1&#8243; _module_preset=&#8221;default&#8221; global_colors_info=&#8221;{}&#8221;][et_pb_text _builder_version=&#8221;4.14.1&#8243; _module_preset=&#8221;default&#8221; header_2_font=&#8221;Montserrat||||||||&#8221; header_2_font_size=&#8221;24px&#8221; global_colors_info=&#8221;{}&#8221;]<\/p>\n<h2>Protection de vos Donn\u00e9es personnelles<\/h2>\n<p>Nous attachons la plus grande importance \u00e0 la s\u00e9curisation du Site et de vos Donn\u00e9es personnelles. Celles-ci sont conserv\u00e9es sur notre serveur chez notre prestataire d\u2019h\u00e9bergement dans un environnement s\u00e9curis\u00e9, en conformit\u00e9 avec la r\u00e9glementation RGPD.<\/p>\n<p>Notre dispositif de s\u00e9curit\u00e9 comprend notamment les \u00e9l\u00e9ments suivants :<\/p>\n<ul>\n<li>Protection du Site par certificat Let\u2019s Encrypt sous syst\u00e8me SSL (Secure Sockets Layer)<\/li>\n<\/ul>\n<p>[\/et_pb_text][\/et_pb_column][et_pb_column type=&#8221;1_3&#8243; _builder_version=&#8221;4.14.1&#8243; _module_preset=&#8221;default&#8221; global_colors_info=&#8221;{}&#8221;][et_pb_text _builder_version=&#8221;4.14.1&#8243; _module_preset=&#8221;default&#8221; header_2_font=&#8221;Montserrat||||||||&#8221; header_2_font_size=&#8221;24px&#8221; hover_enabled=&#8221;0&#8243; global_colors_info=&#8221;{}&#8221; sticky_enabled=&#8221;0&#8243;]<\/p>\n<h2>Vos droits relatifs \u00e0 vos Donn\u00e9es personnelles<\/h2>\n<p>Vous disposez des droits suivants vis-\u00e0 vis de vos Donn\u00e9es personnelles :<\/p>\n<ul>\n<li>droit d\u2019acc\u00e8s : vous pouvez acc\u00e9der aux Donn\u00e9es personnelles que nous pouvons d\u00e9tenir sur vous<\/li>\n<li>droit d\u2019effacement : vous pouvez nous demander la suppression de vos Donn\u00e9es personnelles<\/li>\n<li>droit \u00e0 la portabilit\u00e9 : vous pouvez nous demander une restitution de vos Donn\u00e9es personnelles que vous nous avez fournies sous forme de fichier lisible par une machine.<\/li>\n<\/ul>\n<p>[\/et_pb_text][et_pb_text _builder_version=&#8221;4.14.1&#8243; _module_preset=&#8221;default&#8221; text_text_color=&#8221;#F75309&#8243; hover_enabled=&#8221;0&#8243; global_colors_info=&#8221;{}&#8221; sticky_enabled=&#8221;0&#8243;]<\/p>\n<p>Pour exercer l\u2019un ou l\u2019autre de ces droits, utilisez le bouton de contact au dernier paragraphe ci-dessous. Nous ferons nos meilleurs efforts pour vous fournir ces informations ou proc\u00e9der aux modifications ou effacement dans un d\u00e9lai de 30 jours suivant la r\u00e9ception de votre demande, accompagn\u00e9e en raison de notre obligation de s\u00e9curit\u00e9 et de confidentialit\u00e9 de la preuve de votre identit\u00e9, et sauf demandes manifestement abusives de par leur nombre ou leur caract\u00e8re r\u00e9p\u00e9titif ou syst\u00e9matique.<\/p>\n<p>[\/et_pb_text][et_pb_text _builder_version=&#8221;4.14.1&#8243; _module_preset=&#8221;default&#8221; global_colors_info=&#8221;{}&#8221;]Nous sommes toutefois susceptibles de conserver certaines de vos Donn\u00e9es personnelles lorsque la Loi l\u2019impose ou pour un motif l\u00e9gitime, et notamment pour faire valoir nos droits en cas de litige.[\/et_pb_text][\/et_pb_column][et_pb_column type=&#8221;1_3&#8243; _builder_version=&#8221;4.14.1&#8243; _module_preset=&#8221;default&#8221; global_colors_info=&#8221;{}&#8221;][et_pb_text _builder_version=&#8221;4.14.1&#8243; _module_preset=&#8221;default&#8221; header_2_font=&#8221;Montserrat||||||||&#8221; header_2_font_size=&#8221;24px&#8221; global_colors_info=&#8221;{}&#8221;]<\/p>\n<h2>R\u00e9glementation applicable<\/h2>\n<p>Le Site est soumis \u00e0 la Loi fran\u00e7aise et notamment au R\u00e8glement G\u00e9n\u00e9ral sur la Protection des Donn\u00e9es (General Data protection R\u00e9gulation) adopt\u00e9 par le Parlement et le Conseil Europ\u00e9ens le 27 avril 2016, et \u00e0 la Loi Informatique et Libert\u00e9s modifi\u00e9e du 6 janvier 1978.<\/p>\n<p>Pour tout renseignement concernant la r\u00e9glementation en vigueur, vous pouvez consulter le site de la CNIL.[\/et_pb_text][\/et_pb_column][\/et_pb_row][\/et_pb_section][et_pb_section fb_built=&#8221;1&#8243; _builder_version=&#8221;4.13.0&#8243; _module_preset=&#8221;default&#8221; custom_padding=&#8221;||0px||false|false&#8221; global_colors_info=&#8221;{}&#8221;][et_pb_row _builder_version=&#8221;4.13.0&#8243; _module_preset=&#8221;default&#8221; custom_padding=&#8221;||0px||false|false&#8221; global_colors_info=&#8221;{}&#8221;][et_pb_column type=&#8221;4_4&#8243; _builder_version=&#8221;4.13.0&#8243; _module_preset=&#8221;default&#8221; global_colors_info=&#8221;{}&#8221;][et_pb_text _builder_version=&#8221;4.14.1&#8243; _module_preset=&#8221;default&#8221; header_2_font=&#8221;Montserrat||||||||&#8221; header_2_font_size=&#8221;24px&#8221; global_colors_info=&#8221;{}&#8221;]<\/p>\n<h2>Contact<\/h2>\n<p>For any information or for any process\u2026[\/et_pb_text][et_pb_button button_url=&#8221;@ET-DC@eyJkeW5hbWljIjp0cnVlLCJjb250ZW50IjoicG9zdF9saW5rX3VybF9wYWdlIiwic2V0dGluZ3MiOnsicG9zdF9pZCI6IjY0MiJ9fQ==@&#8221; button_text=&#8221;Contact us&#8221; _builder_version=&#8221;4.13.0&#8243; _dynamic_attributes=&#8221;button_url&#8221; _module_preset=&#8221;default&#8221; global_colors_info=&#8221;{}&#8221;][\/et_pb_button][\/et_pb_column][\/et_pb_row][\/et_pb_section]<\/p>\n","protected":false},"excerpt":{"rendered":"<p>November 2021 releaseSTUDIO FELIX undertakes to collect and process your data, using the website www.studiofelix.fr in compliance with the General Data Protection Regulation (GDPR) and the data protection and freedom of information act. Under no circumstances whatsoever may STUDIO FELIX share, exchange or sell your personal data or contact information with third parties. La pr\u00e9sente [&hellip;]<\/p>\n","protected":false},"author":1,"featured_media":0,"parent":0,"menu_order":0,"comment_status":"closed","ping_status":"closed","template":"","meta":{"_et_pb_use_builder":"on","_et_pb_old_content":"","_et_gb_content_width":"","inline_featured_image":false,"footnotes":""},"class_list":["post-1851","page","type-page","status-publish","hentry"],"yoast_head":"<!-- This site is optimized with the Yoast SEO plugin v24.0 - https:\/\/yoast.com\/wordpress\/plugins\/seo\/ -->\n<title>Privacy Policy - STUDIO FELIX<\/title>\n<meta name=\"robots\" content=\"index, follow, max-snippet:-1, max-image-preview:large, max-video-preview:-1\" \/>\n<link rel=\"canonical\" href=\"https:\/\/studiofelix.fr\/en\/politique-de-confidentialite\/\" \/>\n<meta property=\"og:locale\" content=\"en_US\" \/>\n<meta property=\"og:type\" content=\"article\" \/>\n<meta property=\"og:title\" content=\"Privacy Policy - STUDIO FELIX\" \/>\n<meta property=\"og:description\" content=\"November 2021 releaseSTUDIO FELIX undertakes to collect and process your data, using the website www.studiofelix.fr in compliance with the General Data Protection Regulation (GDPR) and the data protection and freedom of information act. Under no circumstances whatsoever may STUDIO FELIX share, exchange or sell your personal data or contact information with third parties. La pr\u00e9sente [&hellip;]\" \/>\n<meta property=\"og:url\" content=\"https:\/\/studiofelix.fr\/en\/politique-de-confidentialite\/\" \/>\n<meta property=\"og:site_name\" content=\"STUDIO FELIX\" \/>\n<meta property=\"article:modified_time\" content=\"2021-11-25T11:05:37+00:00\" \/>\n<meta name=\"twitter:card\" content=\"summary_large_image\" \/>\n<meta name=\"twitter:label1\" content=\"Est. reading time\" \/>\n\t<meta name=\"twitter:data1\" content=\"10 minutes\" \/>\n<script type=\"application\/ld+json\" class=\"yoast-schema-graph\">{\"@context\":\"https:\/\/schema.org\",\"@graph\":[{\"@type\":\"WebPage\",\"@id\":\"https:\/\/studiofelix.fr\/en\/politique-de-confidentialite\/\",\"url\":\"https:\/\/studiofelix.fr\/en\/politique-de-confidentialite\/\",\"name\":\"Privacy Policy - STUDIO FELIX\",\"isPartOf\":{\"@id\":\"https:\/\/studiofelix.fr\/en\/#website\"},\"datePublished\":\"2021-11-10T17:21:01+00:00\",\"dateModified\":\"2021-11-25T11:05:37+00:00\",\"breadcrumb\":{\"@id\":\"https:\/\/studiofelix.fr\/en\/politique-de-confidentialite\/#breadcrumb\"},\"inLanguage\":\"en-US\",\"potentialAction\":[{\"@type\":\"ReadAction\",\"target\":[\"https:\/\/studiofelix.fr\/en\/politique-de-confidentialite\/\"]}]},{\"@type\":\"BreadcrumbList\",\"@id\":\"https:\/\/studiofelix.fr\/en\/politique-de-confidentialite\/#breadcrumb\",\"itemListElement\":[{\"@type\":\"ListItem\",\"position\":1,\"name\":\"Accueil\",\"item\":\"https:\/\/studiofelix.fr\/en\/\"},{\"@type\":\"ListItem\",\"position\":2,\"name\":\"Privacy Policy\"}]},{\"@type\":\"WebSite\",\"@id\":\"https:\/\/studiofelix.fr\/en\/#website\",\"url\":\"https:\/\/studiofelix.fr\/en\/\",\"name\":\"STUDIO FELIX\",\"description\":\"\u00c9codesign d\u2019int\u00e9rieur &amp; lumi\u00e8re\",\"publisher\":{\"@id\":\"https:\/\/studiofelix.fr\/en\/#\/schema\/person\/1b605c312beb584c4809275852be4b79\"},\"potentialAction\":[{\"@type\":\"SearchAction\",\"target\":{\"@type\":\"EntryPoint\",\"urlTemplate\":\"https:\/\/studiofelix.fr\/en\/?s={search_term_string}\"},\"query-input\":{\"@type\":\"PropertyValueSpecification\",\"valueRequired\":true,\"valueName\":\"search_term_string\"}}],\"inLanguage\":\"en-US\"},{\"@type\":[\"Person\",\"Organization\"],\"@id\":\"https:\/\/studiofelix.fr\/en\/#\/schema\/person\/1b605c312beb584c4809275852be4b79\",\"name\":\"H\u00e9l\u00e8ne Boutserin\",\"image\":{\"@type\":\"ImageObject\",\"inLanguage\":\"en-US\",\"@id\":\"https:\/\/studiofelix.fr\/en\/#\/schema\/person\/image\/\",\"url\":\"https:\/\/studiofelix.fr\/wp-content\/uploads\/2021\/10\/logo-studio-scroll.png\",\"contentUrl\":\"https:\/\/studiofelix.fr\/wp-content\/uploads\/2021\/10\/logo-studio-scroll.png\",\"width\":400,\"height\":520,\"caption\":\"H\u00e9l\u00e8ne Boutserin\"},\"logo\":{\"@id\":\"https:\/\/studiofelix.fr\/en\/#\/schema\/person\/image\/\"}}]}<\/script>\n<!-- \/ Yoast SEO plugin. -->","yoast_head_json":{"title":"Privacy Policy - STUDIO FELIX","robots":{"index":"index","follow":"follow","max-snippet":"max-snippet:-1","max-image-preview":"max-image-preview:large","max-video-preview":"max-video-preview:-1"},"canonical":"https:\/\/studiofelix.fr\/en\/politique-de-confidentialite\/","og_locale":"en_US","og_type":"article","og_title":"Privacy Policy - STUDIO FELIX","og_description":"November 2021 releaseSTUDIO FELIX undertakes to collect and process your data, using the website www.studiofelix.fr in compliance with the General Data Protection Regulation (GDPR) and the data protection and freedom of information act. Under no circumstances whatsoever may STUDIO FELIX share, exchange or sell your personal data or contact information with third parties. La pr\u00e9sente [&hellip;]","og_url":"https:\/\/studiofelix.fr\/en\/politique-de-confidentialite\/","og_site_name":"STUDIO FELIX","article_modified_time":"2021-11-25T11:05:37+00:00","twitter_card":"summary_large_image","twitter_misc":{"Est. reading time":"10 minutes"},"schema":{"@context":"https:\/\/schema.org","@graph":[{"@type":"WebPage","@id":"https:\/\/studiofelix.fr\/en\/politique-de-confidentialite\/","url":"https:\/\/studiofelix.fr\/en\/politique-de-confidentialite\/","name":"Privacy Policy - STUDIO FELIX","isPartOf":{"@id":"https:\/\/studiofelix.fr\/en\/#website"},"datePublished":"2021-11-10T17:21:01+00:00","dateModified":"2021-11-25T11:05:37+00:00","breadcrumb":{"@id":"https:\/\/studiofelix.fr\/en\/politique-de-confidentialite\/#breadcrumb"},"inLanguage":"en-US","potentialAction":[{"@type":"ReadAction","target":["https:\/\/studiofelix.fr\/en\/politique-de-confidentialite\/"]}]},{"@type":"BreadcrumbList","@id":"https:\/\/studiofelix.fr\/en\/politique-de-confidentialite\/#breadcrumb","itemListElement":[{"@type":"ListItem","position":1,"name":"Accueil","item":"https:\/\/studiofelix.fr\/en\/"},{"@type":"ListItem","position":2,"name":"Privacy Policy"}]},{"@type":"WebSite","@id":"https:\/\/studiofelix.fr\/en\/#website","url":"https:\/\/studiofelix.fr\/en\/","name":"STUDIO FELIX","description":"\u00c9codesign d\u2019int\u00e9rieur &amp; lumi\u00e8re","publisher":{"@id":"https:\/\/studiofelix.fr\/en\/#\/schema\/person\/1b605c312beb584c4809275852be4b79"},"potentialAction":[{"@type":"SearchAction","target":{"@type":"EntryPoint","urlTemplate":"https:\/\/studiofelix.fr\/en\/?s={search_term_string}"},"query-input":{"@type":"PropertyValueSpecification","valueRequired":true,"valueName":"search_term_string"}}],"inLanguage":"en-US"},{"@type":["Person","Organization"],"@id":"https:\/\/studiofelix.fr\/en\/#\/schema\/person\/1b605c312beb584c4809275852be4b79","name":"H\u00e9l\u00e8ne Boutserin","image":{"@type":"ImageObject","inLanguage":"en-US","@id":"https:\/\/studiofelix.fr\/en\/#\/schema\/person\/image\/","url":"https:\/\/studiofelix.fr\/wp-content\/uploads\/2021\/10\/logo-studio-scroll.png","contentUrl":"https:\/\/studiofelix.fr\/wp-content\/uploads\/2021\/10\/logo-studio-scroll.png","width":400,"height":520,"caption":"H\u00e9l\u00e8ne Boutserin"},"logo":{"@id":"https:\/\/studiofelix.fr\/en\/#\/schema\/person\/image\/"}}]}},"_links":{"self":[{"href":"https:\/\/studiofelix.fr\/en\/wp-json\/wp\/v2\/pages\/1851","targetHints":{"allow":["GET"]}}],"collection":[{"href":"https:\/\/studiofelix.fr\/en\/wp-json\/wp\/v2\/pages"}],"about":[{"href":"https:\/\/studiofelix.fr\/en\/wp-json\/wp\/v2\/types\/page"}],"author":[{"embeddable":true,"href":"https:\/\/studiofelix.fr\/en\/wp-json\/wp\/v2\/users\/1"}],"replies":[{"embeddable":true,"href":"https:\/\/studiofelix.fr\/en\/wp-json\/wp\/v2\/comments?post=1851"}],"version-history":[{"count":93,"href":"https:\/\/studiofelix.fr\/en\/wp-json\/wp\/v2\/pages\/1851\/revisions"}],"predecessor-version":[{"id":2639,"href":"https:\/\/studiofelix.fr\/en\/wp-json\/wp\/v2\/pages\/1851\/revisions\/2639"}],"wp:attachment":[{"href":"https:\/\/studiofelix.fr\/en\/wp-json\/wp\/v2\/media?parent=1851"}],"curies":[{"name":"wp","href":"https:\/\/api.w.org\/{rel}","templated":true}]}}